{"id":90,"date":"2010-02-23T08:18:18","date_gmt":"2010-02-23T07:18:18","guid":{"rendered":"http:\/\/otri.zeus.umh.es\/?page_id=90"},"modified":"2025-06-16T17:28:38","modified_gmt":"2025-06-16T15:28:38","slug":"descargas","status":"publish","type":"page","link":"https:\/\/transferencia.umh.es\/ca\/proteccion-resultados\/descargas\/","title":{"rendered":"Documents i impresos"},"content":{"rendered":"<p><\/p>\n<p style=\"text-align: justify\"><strong>COMUNICACI\u00d3 RESULTATS UMH<\/strong><\/p>\n<p style=\"text-align: justify\"><span style=\"text-decoration: underline\"><a href=\"https:\/\/transferencia.umh.es\/files\/2010\/12\/anexo-i_comunicacion-resultados-a-proteger.docx\" target=\"_blank\" rel=\"noopener\">Annex I Comunicaci\u00f3 de resultats de Propietat Industrial i Intel\u00b7lectual<\/a><\/span><\/p>\n<p style=\"text-align: justify\"><span style=\"text-decoration: underline\"><a href=\"https:\/\/transferencia.umh.es\/files\/2018\/10\/Anexo-III_Comunicacion-interes-extension.docx\" target=\"_blank\" rel=\"noopener\">Annex III Comunicaci\u00f3 d&#8217;inter\u00e8s en l&#8217;Extensi\u00f3 Internacional de la sol\u00b7licitud de Patent<\/a><\/span><\/p>\n<p style=\"text-align: justify\"><strong>DOCUMENTS DE CESSI\u00d3 A LA UMH<\/strong><\/p>\n<p style=\"text-align: justify\"><span style=\"text-decoration: underline\"><a href=\"https:\/\/transferencia.umh.es\/files\/2010\/07\/cesion-derechos-p-intelectualcontrato.doc\" target=\"_blank\" rel=\"noopener\">Cessi\u00f3 de drets d&#8217;explotaci\u00f3 de la Propietat Intel\u00b7lectual per a donar compliment a un contracte<\/a><\/span><\/p>\n<p style=\"text-align: justify\"><span style=\"text-decoration: underline\"><a href=\"https:\/\/transferencia.umh.es\/files\/2010\/07\/cesion-derechos-p-intelectualbecario.doc\" target=\"_blank\" rel=\"noopener\">Cessi\u00f3 de drets d&#8217;explotaci\u00f3 d&#8217;una obra en la qual participa un becari<\/a><\/span><\/p>\n<div style=\"text-align: justify\">\n<p><span style=\"text-decoration: underline\"><a href=\"https:\/\/transferencia.umh.es\/files\/2010\/07\/cesion-derechos-p-industrial.doc\" target=\"_blank\" rel=\"noopener\">Cessi\u00f3 de drets de propietat industrial en la qual participa un becari<\/a><\/span><\/p>\n<p><strong>DECLARACI\u00d3 NECESS\u00c0RIA PER AL REGISTRE DE PROPIETAT INTEL\u00b7LECTUAL<\/strong><\/p>\n<p><a href=\"https:\/\/transferencia.umh.es\/files\/2010\/07\/declaracion-invencion-laboral_p-int.doc\" target=\"_blank\" rel=\"noopener\">Declaraci\u00f3 d&#8217;obra laboral <\/a>(Cessi\u00f3 de Drets d&#8217;Explotaci\u00f3 d&#8217;obra)<\/p>\n<p><a href=\"https:\/\/transferencia.umh.es\/files\/2010\/07\/declaracion-invencion-laboral-programa-ordenador.doc\" target=\"_blank\" rel=\"noopener\">Declaraci\u00f3 de creaci\u00f3 de programari <\/a>(Cessi\u00f3 de Drets d&#8217;Explotaci\u00f3 sobre la base de l&#8217;art. 97.4 RD Legislatiu 1\/1996 de 12 d&#8217;abril).<\/p>\n<\/div>\n<p><\/p>","protected":false},"excerpt":{"rendered":"<p>COMUNICACI\u00d3 RESULTATS UMH<br \/>\nAnnex I Comunicaci\u00f3 de resultats de Propietat Industrial i Intel\u00b7lectual<br \/>\nAnnex III Comunicaci\u00f3 d&#8217;inter\u00e8s en l&#8217;Extensi\u00f3 Internacional de la sol\u00b7licitud de Patent<br \/>\nDOCUMENTS DE CESSI\u00d3 A LA UMH<br \/>\nCessi\u00f3 de drets d&#8217;explotaci\u00f3 de la Propietat Intel\u00b7lectual per a donar compliment a un contracte<br \/>\nCessi\u00f3 de drets d&#8217;explotaci\u00f3 d&#8217;una obra en la qual participa un becari<\/p>\n<p>Cessi\u00f3 de drets [&#8230;]<\/p>\n","protected":false},"author":149,"featured_media":0,"parent":82,"menu_order":50,"comment_status":"closed","ping_status":"open","template":"","meta":{"_links_to":"","_links_to_target":""},"categories":[],"tags":[],"_links":{"self":[{"href":"https:\/\/transferencia.umh.es\/ca\/wp-json\/wp\/v2\/pages\/90"}],"collection":[{"href":"https:\/\/transferencia.umh.es\/ca\/wp-json\/wp\/v2\/pages"}],"about":[{"href":"https:\/\/transferencia.umh.es\/ca\/wp-json\/wp\/v2\/types\/page"}],"author":[{"embeddable":true,"href":"https:\/\/transferencia.umh.es\/ca\/wp-json\/wp\/v2\/users\/149"}],"replies":[{"embeddable":true,"href":"https:\/\/transferencia.umh.es\/ca\/wp-json\/wp\/v2\/comments?post=90"}],"version-history":[{"count":0,"href":"https:\/\/transferencia.umh.es\/ca\/wp-json\/wp\/v2\/pages\/90\/revisions"}],"up":[{"embeddable":true,"href":"https:\/\/transferencia.umh.es\/ca\/wp-json\/wp\/v2\/pages\/82"}],"wp:attachment":[{"href":"https:\/\/transferencia.umh.es\/ca\/wp-json\/wp\/v2\/media?parent=90"}],"wp:term":[{"taxonomy":"category","embeddable":true,"href":"https:\/\/transferencia.umh.es\/ca\/wp-json\/wp\/v2\/categories?post=90"},{"taxonomy":"post_tag","embeddable":true,"href":"https:\/\/transferencia.umh.es\/ca\/wp-json\/wp\/v2\/tags?post=90"}],"curies":[{"name":"wp","href":"https:\/\/api.w.org\/{rel}","templated":true}]}}