{"id":88,"date":"2010-02-23T08:17:41","date_gmt":"2010-02-23T07:17:41","guid":{"rendered":"http:\/\/otri.zeus.umh.es\/?page_id=88"},"modified":"2024-10-30T10:30:46","modified_gmt":"2024-10-30T09:30:46","slug":"enlaces","status":"publish","type":"page","link":"https:\/\/transferencia.umh.es\/ca\/proteccion-resultados\/enlaces\/","title":{"rendered":"Enlla\u00e7os d&#8217;inter\u00e8s"},"content":{"rendered":"<p><\/p>\n<p style=\"text-align: justify\">Entre els llocs recomanats per a con\u00e8ixer l&#8217;Estat de la T\u00e8cnica existent amb anterioritat a la protecci\u00f3 de la nostra invenci\u00f3 destaquem els seg\u00fcents:<\/p>\n<ul>\n<li><strong>Informaci\u00f3 General<\/strong><\/li>\n<\/ul>\n<p><a href=\"http:\/\/www.fiz-karlsruhe.de\/\" target=\"_blank\" rel=\"noopener\"><strong>FIZ Karlsruhe and STN International-Databases in Science and Technology-Chemistry, Engineering, Physics, Energy, Patent<\/strong><\/a><\/p>\n<p><a href=\"http:\/\/www.ipr-helpdesk.org\/\" target=\"_blank\" rel=\"noopener\"><strong>IPR-Helpdesk<\/strong><\/a> (Comisi\u00f3n Europea)<\/p>\n<p><a href=\"http:\/\/www.pl-x.com\/\" target=\"_blank\" rel=\"noopener\"><strong>Patent and License Exchange<\/strong><\/a><\/p>\n<p><a href=\"http:\/\/www.ipex.net\/\" target=\"_blank\" rel=\"noopener\"><strong>Pricewaterhousecoopers Intellectual<\/strong> <strong>Property Exchange<\/strong><\/a><\/p>\n<p><a href=\"http:\/\/www.wipo.org\/\" target=\"_blank\" rel=\"noopener\"><strong>World Intellectual Property Organization-WIPO<\/strong><\/a><\/p>\n<p><a href=\"http:\/\/www.google.com\/patents\" target=\"_blank\" rel=\"noopener\"><strong>http:\/\/www.google.com\/patents<\/strong><\/a><\/p>\n<ul>\n<li><strong>Biotecnologia<\/strong><\/li>\n<\/ul>\n<p style=\"text-align: justify\"><a href=\"http:\/\/ncbi.nlm.nih.gov\" target=\"_blank\" rel=\"noopener\"><strong>National Center for Biotechnology Information <\/strong><\/a><\/p>\n<p style=\"text-align: justify\"><a href=\"http:\/\/www.biotecnologiaaldia.es\" target=\"_blank\" rel=\"noopener\"><strong>Biotecnolog\u00eda al d\u00eda<\/strong><\/a><\/p>\n<ul style=\"text-align: justify\">\n<li><strong>Electricitat i electr\u00f2nica<\/strong><\/li>\n<\/ul>\n<p style=\"text-align: justify\"><strong><a href=\"http:\/\/www.ieee.org\" target=\"_blank\" rel=\"noopener\">IEEE<\/a><\/strong><\/p>\n<ul style=\"text-align: justify\">\n<li><strong>F\u00edsica<\/strong><\/li>\n<\/ul>\n<p style=\"text-align: justify\"><strong><a href=\"http:\/\/iopscience.iop.org\" target=\"_blank\" rel=\"noopener\">IOPscience<\/a><\/strong><\/p>\n<ul style=\"text-align: justify\">\n<li><strong>Enginyeria Civil<\/strong><\/li>\n<\/ul>\n<p style=\"text-align: justify\"><strong><a href=\"http:\/\/www.ascelibrary.org\" target=\"_blank\" rel=\"noopener\">ASCE Research Library<\/a><\/strong><\/p>\n<ul style=\"text-align: justify\">\n<li><strong>Medi ambient, Agronomia i Ci\u00e8ncies Vegetals<\/strong><\/li>\n<\/ul>\n<p style=\"text-align: justify\"><strong><a href=\"http:\/\/agron.scijournals.org\" target=\"_blank\" rel=\"noopener\">Agronomy Journal<\/a><\/strong><\/p>\n<p style=\"text-align: justify\"><strong><a href=\"http:\/\/www.plantphysiol.org\" target=\"_blank\" rel=\"noopener\">Plant Physiology<\/a><\/strong><\/p>\n<p style=\"text-align: justify\"><strong><a href=\"http:\/\/www.revistaecosistemas.net\" target=\"_blank\" rel=\"noopener\">Ecosistemas<\/a><\/strong><\/p>\n<p style=\"text-align: justify\"><strong><a href=\"http:\/\/jds.fass.org\" target=\"_blank\" rel=\"noopener\">Journal of Dairy Science<\/a><\/strong><\/p>\n<p style=\"text-align: justify\"><strong><a href=\"http:\/\/www.biomedcentral.com\/bmcplantbiol\" target=\"_blank\" rel=\"noopener\">BMC Plant Biology<\/a><\/strong><\/p>\n<ul style=\"text-align: justify\">\n<li><strong>Noves Tecnologies<\/strong><\/li>\n<\/ul>\n<p style=\"text-align: justify\"><strong><a href=\"http:\/\/eprints.ecs.soton.ac.uk\" target=\"_blank\" rel=\"noopener\">ECS Eprints Repository<\/a><\/strong><\/p>\n<ul style=\"text-align: justify\">\n<li><strong>Qu\u00edmica<\/strong><\/li>\n<\/ul>\n<p style=\"text-align: justify\"><strong><a href=\"http:\/\/www.rsc.org\/publishing\" target=\"_blank\" rel=\"noopener\">RSC Publishing<\/a><\/strong><\/p>\n<p style=\"text-align: justify\"><strong><a href=\"http:\/\/pubs.acs.org\" target=\"_blank\" rel=\"noopener\">ACS Publications<\/a><\/strong><\/p>\n<p style=\"text-align: justify\">No obstant a\u00e7\u00f2, si el que es necessita \u00e9s obtenir informaci\u00f3 sobre determinades empreses o fins i tot sobre empreses interessades en determinades tecnologies podem acudir a les seg\u00fcents fonts d&#8217;informaci\u00f3:<\/p>\n<p style=\"text-align: justify\"><a href=\"http:\/\/www.esade.edu\/guiame\/biblioteca\/sectores\/index.php\" target=\"_blank\" rel=\"noopener\"><strong>ESADE <\/strong><\/a><\/p>\n<p style=\"text-align: justify\"><a href=\"http:\/\/www.bvdep.com\" target=\"_blank\" rel=\"noopener\"><strong>SABI ESPA\u00d1A<\/strong><\/a><\/p>\n<p style=\"text-align: justify\"><a href=\"http:\/\/pharmalicensing.com\/public\/companies\/browse\/798_595___3_\" target=\"_blank\" rel=\"noopener\"><strong>INNOVARO PHARMALICENSING<\/strong><\/a><\/p>\n<p><\/p>","protected":false},"excerpt":{"rendered":"<p>Entre els llocs recomanats per a con\u00e8ixer l&#8217;Estat de la T\u00e8cnica existent amb anterioritat a la protecci\u00f3 de la nostra invenci\u00f3 destaquem els seg\u00fcents:<\/p>\n<p>Informaci\u00f3 General<\/p>\n<p>FIZ Karlsruhe and STN International-Databases in Science and Technology-Chemistry, Engineering, Physics, Energy, Patent<br \/>\nIPR-Helpdesk (Comisi\u00f3n Europea)<br \/>\nPatent and License Exchange<br \/>\nPricewaterhousecoopers Intellectual Property Exchange<br \/>\nWorld Intellectual Property Organization-WIPO<br \/>\nhttp:\/\/www.google.com\/patents<\/p>\n<p>Biotecnologia<\/p>\n<p>National Center for Biotechnology Information<br \/>\nBiotecnolog\u00eda al d\u00eda<\/p>\n<p>Electricitat [&#8230;]<\/p>\n","protected":false},"author":149,"featured_media":0,"parent":82,"menu_order":70,"comment_status":"closed","ping_status":"open","template":"","meta":{"_links_to":"","_links_to_target":""},"categories":[],"tags":[],"_links":{"self":[{"href":"https:\/\/transferencia.umh.es\/ca\/wp-json\/wp\/v2\/pages\/88"}],"collection":[{"href":"https:\/\/transferencia.umh.es\/ca\/wp-json\/wp\/v2\/pages"}],"about":[{"href":"https:\/\/transferencia.umh.es\/ca\/wp-json\/wp\/v2\/types\/page"}],"author":[{"embeddable":true,"href":"https:\/\/transferencia.umh.es\/ca\/wp-json\/wp\/v2\/users\/149"}],"replies":[{"embeddable":true,"href":"https:\/\/transferencia.umh.es\/ca\/wp-json\/wp\/v2\/comments?post=88"}],"version-history":[{"count":0,"href":"https:\/\/transferencia.umh.es\/ca\/wp-json\/wp\/v2\/pages\/88\/revisions"}],"up":[{"embeddable":true,"href":"https:\/\/transferencia.umh.es\/ca\/wp-json\/wp\/v2\/pages\/82"}],"wp:attachment":[{"href":"https:\/\/transferencia.umh.es\/ca\/wp-json\/wp\/v2\/media?parent=88"}],"wp:term":[{"taxonomy":"category","embeddable":true,"href":"https:\/\/transferencia.umh.es\/ca\/wp-json\/wp\/v2\/categories?post=88"},{"taxonomy":"post_tag","embeddable":true,"href":"https:\/\/transferencia.umh.es\/ca\/wp-json\/wp\/v2\/tags?post=88"}],"curies":[{"name":"wp","href":"https:\/\/api.w.org\/{rel}","templated":true}]}}