{"id":87,"date":"2010-02-23T08:15:45","date_gmt":"2010-02-23T07:15:45","guid":{"rendered":"http:\/\/otri.zeus.umh.es\/?page_id=87"},"modified":"2024-10-30T10:26:27","modified_gmt":"2024-10-30T09:26:27","slug":"patentes","status":"publish","type":"page","link":"https:\/\/transferencia.umh.es\/ca\/proteccion-resultados\/patentes\/","title":{"rendered":"Cerca de patents"},"content":{"rendered":"<p><\/p>\n<p style=\"text-align: justify\">Les cerques en les bases de dades de patents constitueixen una eina molt \u00fatil per als investigadors, en diversos sentits:<\/p>\n<p style=\"text-align: justify\">D&#8217;una banda, proporciona informaci\u00f3 molt valuosa, pr\u00e8via a l&#8217;inici d&#8217;una investigaci\u00f3, amb l&#8217;objectiu de con\u00e8ixer l&#8217;estat de la t\u00e8cnica, en l&#8217;\u00e0mbit del treball que es va a abordar. Permet evitar la inversi\u00f3 de gran esfor\u00e7 i diners per a dur a terme investigacions ja realitzades i fins i tot permet evitar el risc d&#8217;infringir patents priorit\u00e0ries titularitat de tercers. Segons dades de 2001 de l&#8217;Oficina de Patents Europea, es perden prop de 20.000 milions de \u20ac a l&#8217;any, per intentar patentar resultats ja existents.<\/p>\n<p style=\"text-align: justify\">En segon lloc, permeten avaluar la patentabilitat de les pr\u00f2pies invencions, donant a con\u00e8ixer el grau de compliment de la nostra invenci\u00f3 pel que fa a novetat i activitat inventiva, tots dos requisits imprescindibles perqu\u00e8 la invenci\u00f3 siga protegida mitjan\u00e7ant patent.<\/p>\n<p style=\"text-align: justify\">Finalment, atorguen informaci\u00f3 molt \u00fatil a l&#8217;hora de con\u00e8ixer empreses interessades en l&#8217;\u00e0mbit d&#8217;aplicaci\u00f3 de la invenci\u00f3, aix\u00ed com el personal involucrat en investigacions relacionades amb la nostra invenci\u00f3 i els pa\u00efsos en els quals s&#8217;est\u00e0 invertint en aquest \u00e0mbit.<\/p>\n<p style=\"text-align: justify\">Les principals bases de dades de patents d&#8217;acc\u00e9s gratu\u00eft s\u00f3n les seg\u00fcents:<\/p>\n<p style=\"text-align: justify\"><strong><span style=\"text-decoration: underline\"><a href=\"http:\/\/www.oepm.es\/ca\/index.html\" target=\"_blank\" rel=\"noopener\">OFICINA ESPANYOLA DE PATENTS I MARQUES:<\/a><\/span><\/strong> Recursos d&#8217;acc\u00e9s a altres bases de dades i estat d&#8217;expedients.<\/p>\n<p style=\"text-align: justify\"><strong><span style=\"text-decoration: underline\"><a href=\"http:\/\/www.epo.org\/index.html\" target=\"_blank\" rel=\"noopener\">ESPACENET:<\/a><\/span> <\/strong>Recurs m\u00e9s important en aquests moments per a fer cerques sobre patents. Es pot accedir a tot el document.<\/p>\n<p style=\"text-align: justify\"><strong><span style=\"text-decoration: underline\"><a href=\"http:\/\/www.wipo.int\/portal\/index.html.es\" target=\"_blank\" rel=\"noopener\">OMPI<\/a><\/span><\/strong>: Permet la cerca de les patents sol\u00b7licitades a nivell internacional.<\/p>\n<p style=\"text-align: justify\"><strong><span style=\"text-decoration: underline\"><a href=\"http:\/\/www.uspto.gov\/\" target=\"_blank\" rel=\"noopener\">USPTO:<\/a><\/span><\/strong> Oficina Americana de Patents i Marques. Es mostren les sol\u00b7licituds americanes.<\/p>\n<p style=\"text-align: justify\"><strong><span style=\"text-decoration: underline\"><a href=\"http:\/\/wokinfo.com\/\" target=\"_blank\" rel=\"noopener\">WEB OF KNOWLEDGE:<\/a><\/span><\/strong> S&#8217;obtenen resums i cites de publicacions cient\u00edfiques. En el seu apartat Derwent Innovation Index, es troben resums de patents.<\/p>\n<p><\/p>","protected":false},"excerpt":{"rendered":"<p>Les cerques en les bases de dades de patents constitueixen una eina molt \u00fatil per als investigadors, en diversos sentits:<br \/>\nD&#8217;una banda, proporciona informaci\u00f3 molt valuosa, pr\u00e8via a l&#8217;inici d&#8217;una investigaci\u00f3, amb l&#8217;objectiu de con\u00e8ixer l&#8217;estat de la t\u00e8cnica, en l&#8217;\u00e0mbit del treball que es va a abordar. Permet evitar la inversi\u00f3 de gran esfor\u00e7 i [&#8230;]<\/p>\n","protected":false},"author":149,"featured_media":0,"parent":82,"menu_order":40,"comment_status":"closed","ping_status":"open","template":"","meta":{"_links_to":"","_links_to_target":""},"categories":[],"tags":[],"_links":{"self":[{"href":"https:\/\/transferencia.umh.es\/ca\/wp-json\/wp\/v2\/pages\/87"}],"collection":[{"href":"https:\/\/transferencia.umh.es\/ca\/wp-json\/wp\/v2\/pages"}],"about":[{"href":"https:\/\/transferencia.umh.es\/ca\/wp-json\/wp\/v2\/types\/page"}],"author":[{"embeddable":true,"href":"https:\/\/transferencia.umh.es\/ca\/wp-json\/wp\/v2\/users\/149"}],"replies":[{"embeddable":true,"href":"https:\/\/transferencia.umh.es\/ca\/wp-json\/wp\/v2\/comments?post=87"}],"version-history":[{"count":0,"href":"https:\/\/transferencia.umh.es\/ca\/wp-json\/wp\/v2\/pages\/87\/revisions"}],"up":[{"embeddable":true,"href":"https:\/\/transferencia.umh.es\/ca\/wp-json\/wp\/v2\/pages\/82"}],"wp:attachment":[{"href":"https:\/\/transferencia.umh.es\/ca\/wp-json\/wp\/v2\/media?parent=87"}],"wp:term":[{"taxonomy":"category","embeddable":true,"href":"https:\/\/transferencia.umh.es\/ca\/wp-json\/wp\/v2\/categories?post=87"},{"taxonomy":"post_tag","embeddable":true,"href":"https:\/\/transferencia.umh.es\/ca\/wp-json\/wp\/v2\/tags?post=87"}],"curies":[{"name":"wp","href":"https:\/\/api.w.org\/{rel}","templated":true}]}}