{"id":86,"date":"2010-02-23T08:14:19","date_gmt":"2010-02-23T07:14:19","guid":{"rendered":"http:\/\/otri.zeus.umh.es\/?page_id=86"},"modified":"2024-10-29T08:48:07","modified_gmt":"2024-10-29T07:48:07","slug":"normativa","status":"publish","type":"page","link":"https:\/\/transferencia.umh.es\/ca\/proteccion-resultados\/normativa\/","title":{"rendered":"Normativa i legislaci\u00f3"},"content":{"rendered":"<p><\/p>\n<p style=\"text-align: justify\">La normativa que \u00e9s aplicable en la protecci\u00f3 de resultats \u00e9s la seg\u00fcent:<\/p>\n<p><strong>NORMATIVA UMH<\/strong><\/p>\n<p><a href=\"https:\/\/transferencia.umh.es\/files\/2020\/01\/20200121_Normativa-de-los-Derechos-Propiedad-Industrial-e-Intelectual-de-la-UMH.pdf\" target=\"_blank\" rel=\"noopener noreferrer\">Normativa sobre els Drets de Propietat Industrial i Intel\u00b7lectual de la Universitat Miguel Hern\u00e1ndez d\u2019Elx (UMH)<\/a><\/p>\n<p style=\"text-align: justify\"><strong>LEGISLACI\u00d3 i NORMATIVA GENERAL<\/strong><\/p>\n<p style=\"text-align: justify\"><a href=\"http:\/\/www.oepm.es\/cs\/Satellite?c=Normativa_C&amp;cid=1150364394013&amp;classIdioma=_es_es&amp;pagename=OEPMSite%2FNormativa_C%2FtplContenidoHTML\" target=\"_blank\" rel=\"noopener noreferrer\">Llei 11\/1988 de protecci\u00f3 jur\u00eddica de les topografies de productes semiconductors<\/a><\/p>\n<p style=\"text-align: justify\"><a href=\"http:\/\/noticias.juridicas.com\/base_datos\/Admin\/l20-2003.html\" target=\"_blank\" rel=\"noopener noreferrer\">Llei 20\/2003 de 7 de juliol de protecci\u00f3 jur\u00eddica del Disseny Industrial<\/a><\/p>\n<p style=\"text-align: justify\"><a href=\"https:\/\/transferencia.umh.es\/files\/2010\/04\/rdl1_96_texto_refundido_de_la_ley_de-_propiedad_intelectual.pdf\" target=\"_blank\" rel=\"noopener noreferrer\">Reial decret Legislatiu 1\/1996, de 12 d&#8217;abril, per la qual s&#8217;aprova el Text Ref\u00f3s de la Llei de Propietat Intel\u00b7lectual, regularitzant, aclarint i harmonitzant les disposicions legals vigents sobre la mat\u00e8ria<\/a><\/p>\n<div><\/div>\n<p><\/p>","protected":false},"excerpt":{"rendered":"<p>La normativa que \u00e9s aplicable en la protecci\u00f3 de resultats \u00e9s la seg\u00fcent:<br \/>\nNORMATIVA UMH<br \/>\nNormativa sobre els Drets de Propietat Industrial i Intel\u00b7lectual de la Universitat Miguel Hern\u00e1ndez d\u2019Elx (UMH)<br \/>\nLEGISLACI\u00d3 i NORMATIVA GENERAL<br \/>\nLlei 11\/1988 de protecci\u00f3 jur\u00eddica de les topografies de productes semiconductors<br \/>\nLlei 20\/2003 de 7 de juliol de protecci\u00f3 jur\u00eddica del Disseny Industrial<br \/>\nReial decret Legislatiu [&#8230;]<\/p>\n","protected":false},"author":149,"featured_media":0,"parent":82,"menu_order":60,"comment_status":"closed","ping_status":"open","template":"","meta":{"_links_to":"","_links_to_target":""},"categories":[],"tags":[],"_links":{"self":[{"href":"https:\/\/transferencia.umh.es\/ca\/wp-json\/wp\/v2\/pages\/86"}],"collection":[{"href":"https:\/\/transferencia.umh.es\/ca\/wp-json\/wp\/v2\/pages"}],"about":[{"href":"https:\/\/transferencia.umh.es\/ca\/wp-json\/wp\/v2\/types\/page"}],"author":[{"embeddable":true,"href":"https:\/\/transferencia.umh.es\/ca\/wp-json\/wp\/v2\/users\/149"}],"replies":[{"embeddable":true,"href":"https:\/\/transferencia.umh.es\/ca\/wp-json\/wp\/v2\/comments?post=86"}],"version-history":[{"count":0,"href":"https:\/\/transferencia.umh.es\/ca\/wp-json\/wp\/v2\/pages\/86\/revisions"}],"up":[{"embeddable":true,"href":"https:\/\/transferencia.umh.es\/ca\/wp-json\/wp\/v2\/pages\/82"}],"wp:attachment":[{"href":"https:\/\/transferencia.umh.es\/ca\/wp-json\/wp\/v2\/media?parent=86"}],"wp:term":[{"taxonomy":"category","embeddable":true,"href":"https:\/\/transferencia.umh.es\/ca\/wp-json\/wp\/v2\/categories?post=86"},{"taxonomy":"post_tag","embeddable":true,"href":"https:\/\/transferencia.umh.es\/ca\/wp-json\/wp\/v2\/tags?post=86"}],"curies":[{"name":"wp","href":"https:\/\/api.w.org\/{rel}","templated":true}]}}