{"id":84,"date":"2010-02-23T08:11:42","date_gmt":"2010-02-23T07:11:42","guid":{"rendered":"http:\/\/otri.zeus.umh.es\/?page_id=84"},"modified":"2024-10-28T16:22:59","modified_gmt":"2024-10-28T15:22:59","slug":"explotacion-resultados","status":"publish","type":"page","link":"https:\/\/transferencia.umh.es\/ca\/proteccion-resultados\/explotacion-resultados\/","title":{"rendered":"Explotaci\u00f3 de resultats"},"content":{"rendered":"<p><strong>Explotaci\u00f3<\/strong> <strong>de resultats<\/strong><\/p>\n<p>La \u201cfunci\u00f3 transfer\u00e8ncia\u201d constitueix la tercera missi\u00f3 de les universitats (juntament amb doc\u00e8ncia i investigaci\u00f3), que les defineix com a institucions compromeses amb el desenvolupament econ\u00f2mic i social, contribuint a l&#8217;impuls del teixit empresarial i a la qualitat de vida de la societat.<\/p>\n<p>Existeixen diferents actuacions orientades a la transfer\u00e8ncia dels resultats protegits de la universitat a la societat. Normalment aquestes actuacions es concreten mitjan\u00e7ant la subscripci\u00f3 de determinats contractes. Els m\u00e9s habituals s\u00f3n els seg\u00fcents:<\/p>\n<ul>\n<li><strong>LLIC\u00c8NCIA DE PATENT: <\/strong>\u00e9s el contracte mitjan\u00e7ant el qual la Universitat com a titular de la patent autoritza a un tercer, soci comercial, al fet que explote i utilitze la patent a canvi d&#8217;una compensaci\u00f3 econ\u00f2mica en concepte de regalies. En aquest contracte es regulen els drets i obligacions de cadascuna de les parts pel que fa a l&#8217;explotaci\u00f3 de la patent.<\/li>\n<li><strong>LLIC\u00c8NCIA DE PROGRAMARI: <\/strong>\u00e9s el contracte mitjan\u00e7ant el qual el titular del programari atorga una autoritzaci\u00f3 d&#8217;\u00fas d&#8217;aquest programari a un tercer d&#8217;acord a una s\u00e8rie d&#8217;obligacions entre ambdues parts. En relaci\u00f3 amb el programari lliure existeixen diversos tipus de llic\u00e8ncies en les quals s&#8217;estableix quines s\u00f3n les accions autoritzades mitjan\u00e7ant la mateixa.<\/li>\n<li><strong>LLIC\u00c8NCIA DE KNOW-HOW: <\/strong>mitjan\u00e7ant aquest contracte el propietari del know-how s&#8217;obliga a comunicar el know-how i a autoritzar el seu \u00fas a l&#8217;altra part amb les condicions i l\u00edmits temporals, territorials o d&#8217;un altre tipus pactats en l&#8217;acord, generalment a canvi d&#8217;una contraprestaci\u00f3 econ\u00f2mica, en diners o en esp\u00e8cie.<\/li>\n<li><strong>CONTRACTE DE VALIDACI\u00d3 DE PATENT O PROVA DE CONCEPTE: <\/strong>mitjan\u00e7ant aquest contracte es regulen les actuacions, dutes a terme per un tercer, necess\u00e0ries per a provar la viabilitat comercial de l&#8217;objecte de patent, atorgant un dret preferent de llic\u00e8ncia d&#8217;\u00fas d&#8217;aquesta patent al tercer.<\/li>\n<li><strong>APORTACI\u00d3 DE PATENTS, PROGRAMARI O KNOW-HOW A UNA EMPRESA DE BASE TECNOL\u00d2GICA: <\/strong>mitjan\u00e7ant aquest contracte es regula la transfer\u00e8ncia de tecnologia de la Universitat (titular de la tecnologia) a una entitat mercantil creada per a explotar comercialment coneixement o tecnologies derivades de la investigaci\u00f3 realitzada en la Universitat.<\/li>\n<\/ul>\n<p>Per a qualsevol q\u00fcesti\u00f3 relacionada amb aquest tipus de contractes, no dubte a posar-se en contacte amb el Servei de Transfer\u00e8ncia de Coneixement on li podrem mostrar un esborrany de contracte.<\/p>","protected":false},"excerpt":{"rendered":"<p>Explotaci\u00f3 de resultats<br \/>\nLa \u201cfunci\u00f3 transfer\u00e8ncia\u201d constitueix la tercera missi\u00f3 de les universitats (juntament amb doc\u00e8ncia i investigaci\u00f3), que les defineix com a institucions compromeses amb el desenvolupament econ\u00f2mic i social, contribuint a l&#8217;impuls del teixit empresarial i a la qualitat de vida de la societat.<br \/>\nExisteixen diferents actuacions orientades a la transfer\u00e8ncia dels resultats protegits de [&#8230;]<\/p>\n","protected":false},"author":149,"featured_media":0,"parent":82,"menu_order":20,"comment_status":"closed","ping_status":"open","template":"","meta":{"_links_to":"","_links_to_target":""},"categories":[],"tags":[],"_links":{"self":[{"href":"https:\/\/transferencia.umh.es\/ca\/wp-json\/wp\/v2\/pages\/84"}],"collection":[{"href":"https:\/\/transferencia.umh.es\/ca\/wp-json\/wp\/v2\/pages"}],"about":[{"href":"https:\/\/transferencia.umh.es\/ca\/wp-json\/wp\/v2\/types\/page"}],"author":[{"embeddable":true,"href":"https:\/\/transferencia.umh.es\/ca\/wp-json\/wp\/v2\/users\/149"}],"replies":[{"embeddable":true,"href":"https:\/\/transferencia.umh.es\/ca\/wp-json\/wp\/v2\/comments?post=84"}],"version-history":[{"count":0,"href":"https:\/\/transferencia.umh.es\/ca\/wp-json\/wp\/v2\/pages\/84\/revisions"}],"up":[{"embeddable":true,"href":"https:\/\/transferencia.umh.es\/ca\/wp-json\/wp\/v2\/pages\/82"}],"wp:attachment":[{"href":"https:\/\/transferencia.umh.es\/ca\/wp-json\/wp\/v2\/media?parent=84"}],"wp:term":[{"taxonomy":"category","embeddable":true,"href":"https:\/\/transferencia.umh.es\/ca\/wp-json\/wp\/v2\/categories?post=84"},{"taxonomy":"post_tag","embeddable":true,"href":"https:\/\/transferencia.umh.es\/ca\/wp-json\/wp\/v2\/tags?post=84"}],"curies":[{"name":"wp","href":"https:\/\/api.w.org\/{rel}","templated":true}]}}