{"id":82,"date":"2010-02-23T08:11:01","date_gmt":"2010-02-23T07:11:01","guid":{"rendered":"http:\/\/otri.zeus.umh.es\/?page_id=82"},"modified":"2024-10-29T13:16:33","modified_gmt":"2024-10-29T12:16:33","slug":"proteccion-resultados","status":"publish","type":"page","link":"https:\/\/transferencia.umh.es\/ca\/proteccion-resultados\/","title":{"rendered":"Protecci\u00f3 de resultats"},"content":{"rendered":"<p><\/p>\n<p style=\"text-align: justify\">El Servei de Transfer\u00e8ncia de Coneixement de la UMH s&#8217;encarrega de realitzar tots els tr\u00e0mits destinats a la protecci\u00f3 dels resultats generats pel personal de la UMH, en l&#8217;exercici de la seua labor d&#8217;investigaci\u00f3. La protecci\u00f3 constitueix un pas previ i necessari per a dur a terme la transfer\u00e8ncia d&#8217;aqueixos resultats als sectors socioecon\u00f2mics capa\u00e7os d&#8217;explotar-los, contribuint aix\u00ed a la generaci\u00f3 de riquesa.<\/p>\n<p style=\"text-align: justify\">Segons la naturalesa del resultat obtingut s&#8217;ha d&#8217;optar per una o una altra modalitat de protecci\u00f3, distingint, b\u00e0sicament, entre dos tipus de drets de propietat: la<strong> propietat industrial<\/strong> i la <strong>propietat intel\u00b7lectual<\/strong>.<\/p>\n<p style=\"text-align: justify\">S&#8217;ent\u00e9n per <strong>Propietat Industrial<\/strong> al conjunt de drets exclusius que protegeixen l&#8217;activitat innovadora manifestada en nous productes, nous procediments i nous dissenys, aix\u00ed com l&#8217;activitat mercantil mitjan\u00e7ant la identificaci\u00f3 en exclusiva dels productes i serveis oferits al mercat. Si desitja disposar d&#8217;una visi\u00f3 general sobre els aspectes fonamentals de la propietat industrial, consulte <a href=\"https:\/\/transferencia.umh.es\/files\/2010\/09\/las10cosasqueusteddebesabersobrepropiedadindustrial.pdf\" target=\"_blank\" rel=\"noopener\">Les 10 coses que vost\u00e8 ha de saber sobre Propietat Industrial.<\/a><\/p>\n<p style=\"text-align: justify\">La <strong>propietat intel\u00b7lectual<\/strong> est\u00e0 integrada pel conjunt de drets de car\u00e0cter personal i patrimonial, que atribueixen a l&#8217;autor d&#8217;una obra el dret exclusiu d&#8217;explotaci\u00f3 de la mateixa.<\/p>\n<p><\/p>","protected":false},"excerpt":{"rendered":"<p>El Servei de Transfer\u00e8ncia de Coneixement de la UMH s&#8217;encarrega de realitzar tots els tr\u00e0mits destinats a la protecci\u00f3 dels resultats generats pel personal de la UMH, en l&#8217;exercici de la seua labor d&#8217;investigaci\u00f3. La protecci\u00f3 constitueix un pas previ i necessari per a dur a terme la transfer\u00e8ncia d&#8217;aqueixos resultats als sectors socioecon\u00f2mics capa\u00e7os [&#8230;]<\/p>\n","protected":false},"author":149,"featured_media":0,"parent":0,"menu_order":40,"comment_status":"closed","ping_status":"open","template":"","meta":{"_links_to":"","_links_to_target":""},"categories":[],"tags":[],"_links":{"self":[{"href":"https:\/\/transferencia.umh.es\/ca\/wp-json\/wp\/v2\/pages\/82"}],"collection":[{"href":"https:\/\/transferencia.umh.es\/ca\/wp-json\/wp\/v2\/pages"}],"about":[{"href":"https:\/\/transferencia.umh.es\/ca\/wp-json\/wp\/v2\/types\/page"}],"author":[{"embeddable":true,"href":"https:\/\/transferencia.umh.es\/ca\/wp-json\/wp\/v2\/users\/149"}],"replies":[{"embeddable":true,"href":"https:\/\/transferencia.umh.es\/ca\/wp-json\/wp\/v2\/comments?post=82"}],"version-history":[{"count":0,"href":"https:\/\/transferencia.umh.es\/ca\/wp-json\/wp\/v2\/pages\/82\/revisions"}],"wp:attachment":[{"href":"https:\/\/transferencia.umh.es\/ca\/wp-json\/wp\/v2\/media?parent=82"}],"wp:term":[{"taxonomy":"category","embeddable":true,"href":"https:\/\/transferencia.umh.es\/ca\/wp-json\/wp\/v2\/categories?post=82"},{"taxonomy":"post_tag","embeddable":true,"href":"https:\/\/transferencia.umh.es\/ca\/wp-json\/wp\/v2\/tags?post=82"}],"curies":[{"name":"wp","href":"https:\/\/api.w.org\/{rel}","templated":true}]}}