{"id":76,"date":"2010-02-23T08:05:07","date_gmt":"2010-02-23T07:05:07","guid":{"rendered":"http:\/\/otri.zeus.umh.es\/?page_id=76"},"modified":"2025-07-14T17:08:25","modified_gmt":"2025-07-14T15:08:25","slug":"contratos-y-convenios","status":"publish","type":"page","link":"https:\/\/transferencia.umh.es\/ca\/contratos-y-convenios\/","title":{"rendered":"Contractes-Convenis"},"content":{"rendered":"<p><\/p>\n<p style=\"text-align: justify\">El Servei de Transfer\u00e8ncia de Coneixement s&#8217;encarrega de la gesti\u00f3 dels contractes i convenis amb empreses i altres entitats que puguen requerir-se en el marc de les activitats d&#8217;investigaci\u00f3 realitzades pel personal de la universitat.<\/p>\n<p style=\"text-align: justify\">Molts d&#8217;aquests contractes tenen per finalitat la formalitzaci\u00f3 d&#8217;un enc\u00e0rrec de treball a la UMH per part d&#8217;una empresa . Aquests treballs es realitzen en el marc de <a href=\"https:\/\/transferencia.umh.es\/ca\/contratos-y-convenios\/contratacion-art-83-lou\/\" target=\"_blank\" rel=\"noopener noreferrer\">l&#8217;article 83 de la LOU<\/a>.<\/p>\n<p style=\"text-align: justify\">A m\u00e9s dels contractes que regulen la formalitzaci\u00f3 dels enc\u00e0rrecs, existeixen <a href=\"https:\/\/transferencia.umh.es\/ca\/contratos-y-convenios\/otros-contratos-y-convenios\/\" target=\"_blank\" rel=\"noopener noreferrer\">altres tipus de contractes i convenis<\/a> necessaris per a arreplegar diferents situacions en el marc de les activitats d&#8217;investigaci\u00f3 (acords de confidencialitat, de transfer\u00e8ncia de material, etc).<\/p>\n<p><\/p>","protected":false},"excerpt":{"rendered":"<p>El Servei de Transfer\u00e8ncia de Coneixement s&#8217;encarrega de la gesti\u00f3 dels contractes i convenis amb empreses i altres entitats que puguen requerir-se en el marc de les activitats d&#8217;investigaci\u00f3 realitzades pel personal de la universitat.<br \/>\nMolts d&#8217;aquests contractes tenen per finalitat la formalitzaci\u00f3 d&#8217;un enc\u00e0rrec de treball a la UMH per part d&#8217;una empresa . Aquests [&#8230;]<\/p>\n","protected":false},"author":149,"featured_media":0,"parent":0,"menu_order":30,"comment_status":"closed","ping_status":"open","template":"","meta":{"_links_to":"","_links_to_target":""},"categories":[],"tags":[],"_links":{"self":[{"href":"https:\/\/transferencia.umh.es\/ca\/wp-json\/wp\/v2\/pages\/76"}],"collection":[{"href":"https:\/\/transferencia.umh.es\/ca\/wp-json\/wp\/v2\/pages"}],"about":[{"href":"https:\/\/transferencia.umh.es\/ca\/wp-json\/wp\/v2\/types\/page"}],"author":[{"embeddable":true,"href":"https:\/\/transferencia.umh.es\/ca\/wp-json\/wp\/v2\/users\/149"}],"replies":[{"embeddable":true,"href":"https:\/\/transferencia.umh.es\/ca\/wp-json\/wp\/v2\/comments?post=76"}],"version-history":[{"count":0,"href":"https:\/\/transferencia.umh.es\/ca\/wp-json\/wp\/v2\/pages\/76\/revisions"}],"wp:attachment":[{"href":"https:\/\/transferencia.umh.es\/ca\/wp-json\/wp\/v2\/media?parent=76"}],"wp:term":[{"taxonomy":"category","embeddable":true,"href":"https:\/\/transferencia.umh.es\/ca\/wp-json\/wp\/v2\/categories?post=76"},{"taxonomy":"post_tag","embeddable":true,"href":"https:\/\/transferencia.umh.es\/ca\/wp-json\/wp\/v2\/tags?post=76"}],"curies":[{"name":"wp","href":"https:\/\/api.w.org\/{rel}","templated":true}]}}