{"id":184,"date":"2010-05-10T09:11:51","date_gmt":"2010-05-10T08:11:51","guid":{"rendered":"http:\/\/otri.zeus.umh.es\/?page_id=184"},"modified":"2025-11-08T13:27:47","modified_gmt":"2025-11-08T12:27:47","slug":"tramitacion","status":"publish","type":"page","link":"https:\/\/transferencia.umh.es\/ca\/contratos-y-convenios\/contratacion-art-60-losu\/prestaciones-de-servicio\/tramitacion\/","title":{"rendered":"2.Tramitaci\u00f3 de Prestacions de Servei"},"content":{"rendered":"<p><\/p>\n<p style=\"text-align: justify\">Una vegada els dos originals de la Fulla d&#8217;Enc\u00e0rrec arriben al Servei de Transfer\u00e8ncia de Coneixement, en aquest Servei es procedeix, despr\u00e9s de la seua revisi\u00f3, a arreplegar el vistiplau a l&#8217;activitat de la Vicerectora de Transfer\u00e8ncia i Intercanvi de Coneiximent.<\/p>\n<p style=\"text-align: justify\">Despr\u00e9s de l&#8217;autoritzaci\u00f3 de la Vicerectora, es registra la PS en la base de dades, incloent la informaci\u00f3 b\u00e0sica de la mateixa, i se li assigna un centre de despesa, que ser\u00e0 el mateix per a totes les prestacions de servei que realitze aqueix investigador.<\/p>\n<p style=\"text-align: justify\">Des del Servei de Transfer\u00e8ncia de Coneixement s&#8217;envia per correu electr\u00f2nic c\u00f2pia escanejada de la Fulla d&#8217;Enc\u00e0rrec al Director del Departament\/Institut, al tercer contractant, a l&#8217;investigador responsable i a l&#8217;auxiliar administratiu, comunicant als tres \u00faltims el centre de despesa i nombre de refer\u00e8ncia assignats. Igualment, s&#8217;envia a l&#8217;IR la Fulla d&#8217;Enc\u00e0rrec original del sol\u00b7licitant amb la finalitat de que puga fer-li-la arribar al mateix.<\/p>\n<p style=\"text-align: justify\"><a href=\"https:\/\/transferencia.umh.es\/ca\/contratos-y-convenios\/contratacion-art-83-lou\/prestaciones-de-servicio\/\" target=\"_self\" rel=\"noopener noreferrer\"><strong>TORNAR<\/strong><\/a><\/p>\n<p><\/p>","protected":false},"excerpt":{"rendered":"<p>Una vegada els dos originals de la Fulla d&#8217;Enc\u00e0rrec arriben al Servei de Transfer\u00e8ncia de Coneixement, en aquest Servei es procedeix, despr\u00e9s de la seua revisi\u00f3, a arreplegar el vistiplau a l&#8217;activitat de la Vicerectora de Transfer\u00e8ncia i Intercanvi de Coneiximent.<br \/>\nDespr\u00e9s de l&#8217;autoritzaci\u00f3 de la Vicerectora, es registra la PS en la base de dades, [&#8230;]<\/p>\n","protected":false},"author":149,"featured_media":0,"parent":78,"menu_order":0,"comment_status":"closed","ping_status":"closed","template":"","meta":{"_links_to":"","_links_to_target":""},"categories":[],"tags":[],"_links":{"self":[{"href":"https:\/\/transferencia.umh.es\/ca\/wp-json\/wp\/v2\/pages\/184"}],"collection":[{"href":"https:\/\/transferencia.umh.es\/ca\/wp-json\/wp\/v2\/pages"}],"about":[{"href":"https:\/\/transferencia.umh.es\/ca\/wp-json\/wp\/v2\/types\/page"}],"author":[{"embeddable":true,"href":"https:\/\/transferencia.umh.es\/ca\/wp-json\/wp\/v2\/users\/149"}],"replies":[{"embeddable":true,"href":"https:\/\/transferencia.umh.es\/ca\/wp-json\/wp\/v2\/comments?post=184"}],"version-history":[{"count":0,"href":"https:\/\/transferencia.umh.es\/ca\/wp-json\/wp\/v2\/pages\/184\/revisions"}],"up":[{"embeddable":true,"href":"https:\/\/transferencia.umh.es\/ca\/wp-json\/wp\/v2\/pages\/78"}],"wp:attachment":[{"href":"https:\/\/transferencia.umh.es\/ca\/wp-json\/wp\/v2\/media?parent=184"}],"wp:term":[{"taxonomy":"category","embeddable":true,"href":"https:\/\/transferencia.umh.es\/ca\/wp-json\/wp\/v2\/categories?post=184"},{"taxonomy":"post_tag","embeddable":true,"href":"https:\/\/transferencia.umh.es\/ca\/wp-json\/wp\/v2\/tags?post=184"}],"curies":[{"name":"wp","href":"https:\/\/api.w.org\/{rel}","templated":true}]}}